{"id":133,"date":"2020-08-14T15:31:46","date_gmt":"2020-08-14T15:31:46","guid":{"rendered":"https:\/\/toptalent.co\/businessschool\/sepet\/"},"modified":"2023-02-27T11:50:26","modified_gmt":"2023-02-27T08:50:26","slug":"sepetim","status":"publish","type":"page","link":"https:\/\/toptalent.co\/businessschool\/sepetim\/","title":{"rendered":"Sepetim"},"content":{"rendered":"[et_pb_section fb_built=&#8221;1&#8243; admin_label=&#8221;section&#8221; _builder_version=&#8221;4.16&#8243; custom_padding=&#8221;40px|||||&#8221; global_colors_info=&#8221;{}&#8221;][et_pb_row admin_label=&#8221;row&#8221; _builder_version=&#8221;4.16&#8243; background_size=&#8221;initial&#8221; background_position=&#8221;top_left&#8221; background_repeat=&#8221;repeat&#8221; global_colors_info=&#8221;{}&#8221;][et_pb_column type=&#8221;4_4&#8243; _builder_version=&#8221;4.16&#8243; custom_padding=&#8221;|||&#8221; global_colors_info=&#8221;{}&#8221; custom_padding__hover=&#8221;|||&#8221;][et_pb_text _builder_version=&#8221;4.18.0&#8243; _module_preset=&#8221;default&#8221; background_color=&#8221;#efefef&#8221; custom_margin=&#8221;||12px|||&#8221; custom_padding=&#8221;4px|4px|4px|10px|false|false&#8221; border_radii=&#8221;on|4px|4px|4px|4px&#8221; global_colors_info=&#8221;{}&#8221;]<p><span>\ud83e\udd1e Sana \u00f6zel <a href=\"https:\/\/toptalent.co\/indirim-kuponlarim\" target=\"_blank\" rel=\"noopener\"><strong>\u201c\u0130ndirim Kuponlar\u0131n\u0131&#8221;<\/strong><\/a> ke\u015ffet!<\/span><\/p>[\/et_pb_text][et_pb_text _builder_version=&#8221;4.18.0&#8243; _module_preset=&#8221;default&#8221; background_color=&#8221;#efefef&#8221; custom_margin=&#8221;||11px|||&#8221; custom_padding=&#8221;4px|4px|4px|10px|false|false&#8221; border_radii=&#8221;on|4px|4px|4px|4px&#8221; global_colors_info=&#8221;{}&#8221;]<p><span>\ud83c\udf81 Sertifika alana <span style=\"color: #d51d8a;\"><strong>&#8220;Atomik Al\u0131\u015fkanl\u0131klar Sesli Kitap&#8221;<\/strong><\/span> hediye! <\/span><\/p>[\/et_pb_text][et_pb_text _builder_version=&#8221;4.18.0&#8243; _module_preset=&#8221;default&#8221; background_color=&#8221;#efefef&#8221; custom_padding=&#8221;4px|4px|4px|10px|false|false&#8221; border_radii=&#8221;on|4px|4px|4px|4px&#8221; global_colors_info=&#8221;{}&#8221;]<p><span>\ud83d\ude0a<\/span> T\u00fcm sertifikalarda <span style=\"color: #d51d8a;\"><b>12 taksit <\/b><\/span>imkan\u0131!<\/p>[\/et_pb_text][et_pb_text admin_label=&#8221;Text&#8221; _builder_version=&#8221;4.18.0&#8243; background_size=&#8221;initial&#8221; background_position=&#8221;top_left&#8221; background_repeat=&#8221;repeat&#8221; global_colors_info=&#8221;{}&#8221;]<p><br \/><\/p>[\/et_pb_text][\/et_pb_column][\/et_pb_row][\/et_pb_section][et_pb_section fb_built=&#8221;1&#8243; _builder_version=&#8221;4.18.0&#8243; _module_preset=&#8221;default&#8221; background_color=&#8221;#eef6fd&#8221; custom_padding=&#8221;33px|||||&#8221; global_colors_info=&#8221;{}&#8221;][et_pb_row _builder_version=&#8221;4.18.0&#8243; _module_preset=&#8221;default&#8221; background_enable_color=&#8221;off&#8221; global_colors_info=&#8221;{}&#8221;][et_pb_column type=&#8221;4_4&#8243; _builder_version=&#8221;4.18.0&#8243; _module_preset=&#8221;default&#8221; global_colors_info=&#8221;{}&#8221;][et_pb_text _builder_version=&#8221;4.18.0&#8243; _module_preset=&#8221;default&#8221; global_colors_info=&#8221;{}&#8221;]<h3><a href=\"https:\/\/toptalent.co\/online-egitim-sertifika-programlari\"><span style=\"color: #d51d8a;\"><strong style=\"color: #d51d8a;\">En \u00c7ok Al\u0131nan Sertifika Programlar\u0131<\/strong><\/span><\/a><\/h3>[\/et_pb_text][\/et_pb_column][\/et_pb_row][et_pb_row column_structure=&#8221;1_4,1_4,1_4,1_4&#8243; _builder_version=&#8221;4.18.0&#8243; _module_preset=&#8221;default&#8221; background_enable_color=&#8221;off&#8221; global_colors_info=&#8221;{}&#8221;][et_pb_column type=&#8221;1_4&#8243; _builder_version=&#8221;4.18.0&#8243; _module_preset=&#8221;default&#8221; global_colors_info=&#8221;{}&#8221;][et_pb_image src=&#8221;https:\/\/toptalent.co\/businessschool\/wp-content\/uploads\/2022\/10\/28gun-son.png&#8221; title_text=&#8221;28gun-son&#8221; url=&#8221;https:\/\/toptalent.co\/businessschool\/program\/kisisel-gelisim-programi\/&#8221; _builder_version=&#8221;4.18.0&#8243; _module_preset=&#8221;default&#8221; background_color=&#8221;#eef6fd&#8221; global_colors_info=&#8221;{}&#8221;][\/et_pb_image][et_pb_text _builder_version=&#8221;4.19.4&#8243; _module_preset=&#8221;default&#8221; hover_enabled=&#8221;0&#8243; global_colors_info=&#8221;{}&#8221; sticky_enabled=&#8221;0&#8243;]<p><span><strong>99.90TL<\/strong>\u00a0<s>199.90TL<\/s>\u00a0<\/span><span>\u2b50\u2b50\u2b50\u2b50\u2b50<\/span><br \/><span><a href=\"https:\/\/toptalent.co\/businessschool\/program\/kisisel-gelisim-programi\/\"><strong>Ki\u015fisel Geli\u015fim Program\u0131<\/strong><\/a><br \/><\/span><span style=\"color: #3366ff;\"><a href=\"https:\/\/toptalent.co\/businessschool\/program\/sepetim\/?add-to-cart=41165\" style=\"color: #3366ff;\">Sepete ekle +<\/a><\/span><\/p>[\/et_pb_text][\/et_pb_column][et_pb_column type=&#8221;1_4&#8243; _builder_version=&#8221;4.18.0&#8243; _module_preset=&#8221;default&#8221; global_colors_info=&#8221;{}&#8221;][et_pb_image src=&#8221;https:\/\/toptalent.co\/businessschool\/wp-content\/uploads\/2022\/10\/dijital-pazarlama.png&#8221; title_text=&#8221;dijital pazarlama&#8221; url=&#8221;https:\/\/toptalent.co\/businessschool\/program\/digital-marketing-specialist-program\/&#8221; _builder_version=&#8221;4.18.0&#8243; _module_preset=&#8221;default&#8221; background_color=&#8221;#eef6fd&#8221; global_colors_info=&#8221;{}&#8221;][\/et_pb_image][et_pb_text _builder_version=&#8221;4.19.4&#8243; _module_preset=&#8221;default&#8221; hover_enabled=&#8221;0&#8243; global_colors_info=&#8221;{}&#8221; sticky_enabled=&#8221;0&#8243;]<p><span><strong>99.90TL<\/strong>\u00a0<s>199.90TL<\/s>\u00a0<\/span><span>\u2b50\u2b50\u2b50\u2b50\u2b50<\/span><br \/><span><a href=\"https:\/\/toptalent.co\/businessschool\/program\/digital-marketing-specialist-program\/\"><strong>Dijital Marketing Specialist<\/strong><\/a><br \/><\/span><span style=\"color: #3366ff;\"><a href=\"https:\/\/toptalent.co\/businessschool\/program\/sepetim\/?add-to-cart=30260\" style=\"color: #3366ff;\">Sepete ekle +<\/a><\/span><\/p>[\/et_pb_text][\/et_pb_column][et_pb_column type=&#8221;1_4&#8243; _builder_version=&#8221;4.18.0&#8243; _module_preset=&#8221;default&#8221; global_colors_info=&#8221;{}&#8221;][et_pb_image src=&#8221;https:\/\/toptalent.co\/businessschool\/wp-content\/uploads\/2022\/10\/microsoftoffice-12.png&#8221; title_text=&#8221;microsoftoffice (1)(2)&#8221; url=&#8221;https:\/\/toptalent.co\/businessschool\/program\/microsoft-office-for-business-excel-word-powerpoint\/&#8221; _builder_version=&#8221;4.18.0&#8243; _module_preset=&#8221;default&#8221; background_color=&#8221;#eef6fd&#8221; global_colors_info=&#8221;{}&#8221;][\/et_pb_image][et_pb_text _builder_version=&#8221;4.19.4&#8243; _module_preset=&#8221;default&#8221; hover_enabled=&#8221;0&#8243; global_colors_info=&#8221;{}&#8221; sticky_enabled=&#8221;0&#8243;]<p><span><strong>199.90TL<\/strong> <s>599.90TL<\/s>\u00a0<\/span><span>\u2b50\u2b50\u2b50\u2b50\u2b50<\/span><br \/><a href=\"https:\/\/toptalent.co\/businessschool\/program\/microsoft-office-for-business-excel-word-powerpoint\/\"><span><strong>Microsoft Office for Business<\/strong><\/span><\/a><br \/><span style=\"color: #3366ff;\"><a href=\"https:\/\/toptalent.co\/businessschool\/program\/sepetim\/?add-to-cart=37299\" style=\"color: #3366ff;\">Sepete ekle +<\/a><\/span><\/p>[\/et_pb_text][\/et_pb_column][et_pb_column type=&#8221;1_4&#8243; _builder_version=&#8221;4.18.0&#8243; _module_preset=&#8221;default&#8221; global_colors_info=&#8221;{}&#8221;][et_pb_image src=&#8221;https:\/\/toptalent.co\/businessschool\/wp-content\/uploads\/2022\/10\/microsoft-excel.png&#8221; title_text=&#8221;microsoft excel&#8221; url=&#8221;https:\/\/toptalent.co\/businessschool\/program\/sifirdan-ileri-seviyeye-microsoft-excel\/&#8221; _builder_version=&#8221;4.18.0&#8243; _module_preset=&#8221;default&#8221; background_color=&#8221;#eef6fd&#8221; global_colors_info=&#8221;{}&#8221;][\/et_pb_image][et_pb_text _builder_version=&#8221;4.19.4&#8243; _module_preset=&#8221;default&#8221; hover_enabled=&#8221;0&#8243; global_colors_info=&#8221;{}&#8221; sticky_enabled=&#8221;0&#8243;]<p><span><strong>99.90TL<\/strong>\u00a0<s>199.90TL<\/s>\u00a0<\/span><span>\u2b50\u2b50\u2b50\u2b50\u2b50<\/span><br \/><span><a href=\"https:\/\/toptalent.co\/businessschool\/program\/sifirdan-ileri-seviyeye-microsoft-excel\/\"><strong>S\u0131f\u0131rdan \u0130leri Seviyeye Excel<\/strong><\/a><br \/><span style=\"color: #3366ff;\"><a href=\"https:\/\/toptalent.co\/businessschool\/program\/sepetim\/?add-to-cart=37078\" style=\"color: #3366ff;\">Sepete ekle +<\/a><\/span><br \/><\/span><\/p>[\/et_pb_text][\/et_pb_column][\/et_pb_row][\/et_pb_section]<!-- \/wp:post-content -->","protected":false},"excerpt":{"rendered":"<p>\ud83e\udd1e Sana \u00f6zel \u201c\u0130ndirim Kuponlar\u0131n\u0131&#8221; ke\u015ffet!\ud83c\udf81 Sertifika alana &#8220;Atomik Al\u0131\u015fkanl\u0131klar Sesli Kitap&#8221; hediye! \ud83d\ude0a T\u00fcm sertifikalarda 12 taksit imkan\u0131!En \u00c7ok Al\u0131nan Sertifika Programlar\u013199.90TL\u00a0199.90TL\u00a0\u2b50\u2b50\u2b50\u2b50\u2b50Ki\u015fisel Geli\u015fim Program\u0131Sepete ekle +99.90TL\u00a0199.90TL\u00a0\u2b50\u2b50\u2b50\u2b50\u2b50Dijital Marketing SpecialistSepete ekle +199.90TL 599.90TL\u00a0\u2b50\u2b50\u2b50\u2b50\u2b50Microsoft Office for BusinessSepete ekle +99.90TL\u00a0199.90TL\u00a0\u2b50\u2b50\u2b50\u2b50\u2b50S\u0131f\u0131rdan \u0130leri Seviyeye ExcelSepete ekle +<\/p>\n","protected":false},"author":1,"featured_media":0,"parent":0,"menu_order":0,"comment_status":"closed","ping_status":"closed","template":"","meta":{"_et_pb_use_builder":"on","_et_pb_old_content":"<!-- wp:shortcode -->\n[woocommerce_cart]\n<!-- \/wp:shortcode -->","_et_gb_content_width":"1080","footnotes":""},"class_list":["post-133","page","type-page","status-publish","hentry"],"yoast_head":"<!-- This site is optimized with the Yoast SEO plugin v27.4 - https:\/\/yoast.com\/product\/yoast-seo-wordpress\/ -->\n<title>Sepetim - Toptalent<\/title>\n<meta name=\"robots\" content=\"index, follow, max-snippet:-1, max-image-preview:large, max-video-preview:-1\" \/>\n<link rel=\"canonical\" href=\"https:\/\/toptalent.co\/businessschool\/sepetim\/\" \/>\n<meta property=\"og:locale\" content=\"tr_TR\" \/>\n<meta property=\"og:type\" content=\"article\" \/>\n<meta property=\"og:title\" content=\"Sepetim - Toptalent\" \/>\n<meta property=\"og:description\" content=\"\ud83e\udd1e Sana \u00f6zel \u201c\u0130ndirim Kuponlar\u0131n\u0131&quot; ke\u015ffet!\ud83c\udf81 Sertifika alana &quot;Atomik Al\u0131\u015fkanl\u0131klar Sesli Kitap&quot; hediye! \ud83d\ude0a T\u00fcm sertifikalarda 12 taksit imkan\u0131!En \u00c7ok Al\u0131nan Sertifika Programlar\u013199.90TL\u00a0199.90TL\u00a0\u2b50\u2b50\u2b50\u2b50\u2b50Ki\u015fisel Geli\u015fim Program\u0131Sepete ekle +99.90TL\u00a0199.90TL\u00a0\u2b50\u2b50\u2b50\u2b50\u2b50Dijital Marketing SpecialistSepete ekle +199.90TL 599.90TL\u00a0\u2b50\u2b50\u2b50\u2b50\u2b50Microsoft Office for BusinessSepete ekle +99.90TL\u00a0199.90TL\u00a0\u2b50\u2b50\u2b50\u2b50\u2b50S\u0131f\u0131rdan \u0130leri Seviyeye ExcelSepete ekle +\" \/>\n<meta property=\"og:url\" content=\"https:\/\/toptalent.co\/businessschool\/sepetim\/\" \/>\n<meta property=\"og:site_name\" content=\"Toptalent\" \/>\n<meta property=\"article:publisher\" content=\"https:\/\/www.facebook.com\/ToptalentTR\" \/>\n<meta property=\"article:modified_time\" content=\"2023-02-27T08:50:26+00:00\" \/>\n<meta name=\"twitter:card\" content=\"summary_large_image\" \/>\n<meta name=\"twitter:site\" content=\"@ToptalentTR\" \/>\n<meta name=\"twitter:label1\" content=\"Tahmini okuma s\u00fcresi\" \/>\n\t<meta name=\"twitter:data1\" content=\"3 dakika\" \/>\n<script type=\"application\/ld+json\" class=\"yoast-schema-graph\">{\"@context\":\"https:\\\/\\\/schema.org\",\"@graph\":[{\"@type\":\"WebPage\",\"@id\":\"https:\\\/\\\/toptalent.co\\\/businessschool\\\/sepetim\\\/\",\"url\":\"https:\\\/\\\/toptalent.co\\\/businessschool\\\/sepetim\\\/\",\"name\":\"Sepetim - Toptalent\",\"isPartOf\":{\"@id\":\"https:\\\/\\\/toptalent.co\\\/businessschool\\\/#website\"},\"datePublished\":\"2020-08-14T15:31:46+00:00\",\"dateModified\":\"2023-02-27T08:50:26+00:00\",\"breadcrumb\":{\"@id\":\"https:\\\/\\\/toptalent.co\\\/businessschool\\\/sepetim\\\/#breadcrumb\"},\"inLanguage\":\"tr\",\"potentialAction\":[{\"@type\":\"ReadAction\",\"target\":[\"https:\\\/\\\/toptalent.co\\\/businessschool\\\/sepetim\\\/\"]}]},{\"@type\":\"BreadcrumbList\",\"@id\":\"https:\\\/\\\/toptalent.co\\\/businessschool\\\/sepetim\\\/#breadcrumb\",\"itemListElement\":[{\"@type\":\"ListItem\",\"position\":1,\"name\":\"Ana sayfa\",\"item\":\"https:\\\/\\\/toptalent.co\\\/businessschool\\\/\"},{\"@type\":\"ListItem\",\"position\":2,\"name\":\"Sepetim\"}]},{\"@type\":\"WebSite\",\"@id\":\"https:\\\/\\\/toptalent.co\\\/businessschool\\\/#website\",\"url\":\"https:\\\/\\\/toptalent.co\\\/businessschool\\\/\",\"name\":\"Toptalent Business School\",\"description\":\"Online Sertifika Programlar\u0131\",\"publisher\":{\"@id\":\"https:\\\/\\\/toptalent.co\\\/businessschool\\\/#organization\"},\"potentialAction\":[{\"@type\":\"SearchAction\",\"target\":{\"@type\":\"EntryPoint\",\"urlTemplate\":\"https:\\\/\\\/toptalent.co\\\/businessschool\\\/?s={search_term_string}\"},\"query-input\":{\"@type\":\"PropertyValueSpecification\",\"valueRequired\":true,\"valueName\":\"search_term_string\"}}],\"inLanguage\":\"tr\"},{\"@type\":\"Organization\",\"@id\":\"https:\\\/\\\/toptalent.co\\\/businessschool\\\/#organization\",\"name\":\"Toptalent.co\",\"url\":\"https:\\\/\\\/toptalent.co\\\/businessschool\\\/\",\"logo\":{\"@type\":\"ImageObject\",\"inLanguage\":\"tr\",\"@id\":\"https:\\\/\\\/toptalent.co\\\/businessschool\\\/#\\\/schema\\\/logo\\\/image\\\/\",\"url\":\"https:\\\/\\\/toptalent.co\\\/businessschool\\\/wp-content\\\/uploads\\\/2021\\\/06\\\/toptalent-logo_small.png\",\"contentUrl\":\"https:\\\/\\\/toptalent.co\\\/businessschool\\\/wp-content\\\/uploads\\\/2021\\\/06\\\/toptalent-logo_small.png\",\"width\":200,\"height\":56,\"caption\":\"Toptalent.co\"},\"image\":{\"@id\":\"https:\\\/\\\/toptalent.co\\\/businessschool\\\/#\\\/schema\\\/logo\\\/image\\\/\"},\"sameAs\":[\"https:\\\/\\\/www.facebook.com\\\/ToptalentTR\",\"https:\\\/\\\/x.com\\\/ToptalentTR\",\"https:\\\/\\\/www.linkedin.com\\\/company\\\/toptalenttr\",\"https:\\\/\\\/www.instagram.com\\\/toptalent.co\"]}]}<\/script>\n<!-- \/ Yoast SEO plugin. -->","yoast_head_json":{"title":"Sepetim - Toptalent","robots":{"index":"index","follow":"follow","max-snippet":"max-snippet:-1","max-image-preview":"max-image-preview:large","max-video-preview":"max-video-preview:-1"},"canonical":"https:\/\/toptalent.co\/businessschool\/sepetim\/","og_locale":"tr_TR","og_type":"article","og_title":"Sepetim - Toptalent","og_description":"\ud83e\udd1e Sana \u00f6zel \u201c\u0130ndirim Kuponlar\u0131n\u0131\" ke\u015ffet!\ud83c\udf81 Sertifika alana \"Atomik Al\u0131\u015fkanl\u0131klar Sesli Kitap\" hediye! \ud83d\ude0a T\u00fcm sertifikalarda 12 taksit imkan\u0131!En \u00c7ok Al\u0131nan Sertifika Programlar\u013199.90TL\u00a0199.90TL\u00a0\u2b50\u2b50\u2b50\u2b50\u2b50Ki\u015fisel Geli\u015fim Program\u0131Sepete ekle +99.90TL\u00a0199.90TL\u00a0\u2b50\u2b50\u2b50\u2b50\u2b50Dijital Marketing SpecialistSepete ekle +199.90TL 599.90TL\u00a0\u2b50\u2b50\u2b50\u2b50\u2b50Microsoft Office for BusinessSepete ekle +99.90TL\u00a0199.90TL\u00a0\u2b50\u2b50\u2b50\u2b50\u2b50S\u0131f\u0131rdan \u0130leri Seviyeye ExcelSepete ekle +","og_url":"https:\/\/toptalent.co\/businessschool\/sepetim\/","og_site_name":"Toptalent","article_publisher":"https:\/\/www.facebook.com\/ToptalentTR","article_modified_time":"2023-02-27T08:50:26+00:00","twitter_card":"summary_large_image","twitter_site":"@ToptalentTR","twitter_misc":{"Tahmini okuma s\u00fcresi":"3 dakika"},"schema":{"@context":"https:\/\/schema.org","@graph":[{"@type":"WebPage","@id":"https:\/\/toptalent.co\/businessschool\/sepetim\/","url":"https:\/\/toptalent.co\/businessschool\/sepetim\/","name":"Sepetim - Toptalent","isPartOf":{"@id":"https:\/\/toptalent.co\/businessschool\/#website"},"datePublished":"2020-08-14T15:31:46+00:00","dateModified":"2023-02-27T08:50:26+00:00","breadcrumb":{"@id":"https:\/\/toptalent.co\/businessschool\/sepetim\/#breadcrumb"},"inLanguage":"tr","potentialAction":[{"@type":"ReadAction","target":["https:\/\/toptalent.co\/businessschool\/sepetim\/"]}]},{"@type":"BreadcrumbList","@id":"https:\/\/toptalent.co\/businessschool\/sepetim\/#breadcrumb","itemListElement":[{"@type":"ListItem","position":1,"name":"Ana sayfa","item":"https:\/\/toptalent.co\/businessschool\/"},{"@type":"ListItem","position":2,"name":"Sepetim"}]},{"@type":"WebSite","@id":"https:\/\/toptalent.co\/businessschool\/#website","url":"https:\/\/toptalent.co\/businessschool\/","name":"Toptalent Business School","description":"Online Sertifika Programlar\u0131","publisher":{"@id":"https:\/\/toptalent.co\/businessschool\/#organization"},"potentialAction":[{"@type":"SearchAction","target":{"@type":"EntryPoint","urlTemplate":"https:\/\/toptalent.co\/businessschool\/?s={search_term_string}"},"query-input":{"@type":"PropertyValueSpecification","valueRequired":true,"valueName":"search_term_string"}}],"inLanguage":"tr"},{"@type":"Organization","@id":"https:\/\/toptalent.co\/businessschool\/#organization","name":"Toptalent.co","url":"https:\/\/toptalent.co\/businessschool\/","logo":{"@type":"ImageObject","inLanguage":"tr","@id":"https:\/\/toptalent.co\/businessschool\/#\/schema\/logo\/image\/","url":"https:\/\/toptalent.co\/businessschool\/wp-content\/uploads\/2021\/06\/toptalent-logo_small.png","contentUrl":"https:\/\/toptalent.co\/businessschool\/wp-content\/uploads\/2021\/06\/toptalent-logo_small.png","width":200,"height":56,"caption":"Toptalent.co"},"image":{"@id":"https:\/\/toptalent.co\/businessschool\/#\/schema\/logo\/image\/"},"sameAs":["https:\/\/www.facebook.com\/ToptalentTR","https:\/\/x.com\/ToptalentTR","https:\/\/www.linkedin.com\/company\/toptalenttr","https:\/\/www.instagram.com\/toptalent.co"]}]}},"jetpack_sharing_enabled":true,"_links":{"self":[{"href":"https:\/\/toptalent.co\/businessschool\/wp-json\/wp\/v2\/pages\/133","targetHints":{"allow":["GET"]}}],"collection":[{"href":"https:\/\/toptalent.co\/businessschool\/wp-json\/wp\/v2\/pages"}],"about":[{"href":"https:\/\/toptalent.co\/businessschool\/wp-json\/wp\/v2\/types\/page"}],"author":[{"embeddable":true,"href":"https:\/\/toptalent.co\/businessschool\/wp-json\/wp\/v2\/users\/1"}],"replies":[{"embeddable":true,"href":"https:\/\/toptalent.co\/businessschool\/wp-json\/wp\/v2\/comments?post=133"}],"version-history":[{"count":23,"href":"https:\/\/toptalent.co\/businessschool\/wp-json\/wp\/v2\/pages\/133\/revisions"}],"predecessor-version":[{"id":54920,"href":"https:\/\/toptalent.co\/businessschool\/wp-json\/wp\/v2\/pages\/133\/revisions\/54920"}],"wp:attachment":[{"href":"https:\/\/toptalent.co\/businessschool\/wp-json\/wp\/v2\/media?parent=133"}],"curies":[{"name":"wp","href":"https:\/\/api.w.org\/{rel}","templated":true}]}}